{"id":271,"date":"2018-11-27T09:16:54","date_gmt":"2018-11-27T09:16:54","guid":{"rendered":"https:\/\/fepai.org.br\/?page_id=271"},"modified":"2025-11-29T10:54:26","modified_gmt":"2025-11-29T10:54:26","slug":"home-2","status":"publish","type":"page","link":"http:\/\/www.fepai.org.br\/","title":{"rendered":"Home"},"content":{"rendered":"\n\n\t\t\t<h4>\n\t\t\t\t\tFEDERA\u00c7\u00c3O PAULISTA DE AIKIDO\n\t\t\t\t<\/h4>\n\t\t\t<h1>\n\t\t\t\t\tFEPAI-BRASIL\n\t\t\t\t<\/h1>\n\t\t\t<a href=\"#quemsomos\" target=\"_self\"  role=\"button\">\n\t\t\t\t\t\tSAIBA MAIS\n\t\t<\/a>\n\t\t\t\t<img decoding=\"async\" src=\"https:\/\/www.fepai.org.br\/wp-content\/uploads\/2024\/03\/Aspas.png\" alt=\"Aspas\" itemprop=\"image\"\/>\n\t\t\t<h4>\n\t\t\t\t\t&#8220;AIKI significa a uni\u00e3o entre corpo e esp\u00edrito e \u00e9 a manifesta\u00e7\u00e3o desta verdade. Mais do que isso, AIKI nos permite harmonizar c\u00e9u, terra e humildade como uma s\u00f3&#8221;\n\t\t\t\t<\/h4>\n\t\t\t<p>&#8211; Morihei Ueshiba &#8211; Fundador do Aikido<\/p>\n\t\t\t<h2>\n\t\t\t\t\tQUEM SOMOS\n\t\t\t\t<\/h2>\n\t\t\t\n\t\t\t<p>Desde sua funda\u00e7\u00e3o em 1978, a miss\u00e3o da Federa\u00e7\u00e3o Paulista de Aikido, FEPAI-BRASIL \u00e9 se dedicar ao melhor ensino do Aikido no Brasil. Para isso a FEPAI-BRASIL forma e coordena seus mestres sob os mais rigorosos crit\u00e9rios t\u00e9cnicos atrav\u00e9s de intenso treinamento, semin\u00e1rios, interc\u00e2mbios internacionais e regionais, al\u00e9m de avalia\u00e7\u00f5es peri\u00f3dicas. Tudo para que os alunos das academias FEPAI-BRASIL possam aprender a mais correta pr\u00e1tica e filosofia do Aikido, tirando o m\u00e1ximo proveito pessoal da arte marcial que est\u00e1 se destacando em todo o mundo.<\/p>\n<p>Devido a essa incessante busca pela excel\u00eancia, a FEPAI-BRASIL ostenta o mais respeit\u00e1vel curr\u00edculo no Aikido brasileiro:<\/p>\n<ul>\n<li>\n<ul>\n<li><strong>\u00c9 a \u00fanica federa\u00e7\u00e3o reconhecida oficialmente pela IAF (International Aikido Federation);<\/strong><\/li>\n<\/ul>\n<\/li>\n<\/ul>\n<ul>\n<li><strong>Mant\u00e9m um programa com as principais federa\u00e7\u00f5es internacionais para semin\u00e1rios e interc\u00e2mbios entre praticantes;<\/strong><\/li>\n<\/ul>\n\t\t\t\n\t\t\t<ul>\n<li>\n<ul>\n<li><strong>Recebe os mais importantes mestres do mundo para semin\u00e1rios no Brasil;<\/strong><\/li>\n<\/ul>\n<\/li>\n<\/ul>\n<ul>\n<li><strong>Os alunos que alcan\u00e7am a faixa-preta (1\u00b0 Dan) t\u00eam livre acesso para us\u00e1-las em todas as academias do mundo ligadas ao AIKIKAI do Jap\u00e3o.<\/strong><\/li>\n<\/ul>\n<p>O objetivo da FEPAI-BRASIL \u00e9 trazer uma melhor qualidade de vida aos seus praticantes atrav\u00e9s da filosofia do Aikido, quer seja como esporte (condicionamento e resist\u00eancia f\u00edsica), defesa pessoal (imobiliza\u00e7\u00e3o e desarmamento do oponente), arte (dom\u00ednio e express\u00e3o corporal) ou como aprimoramento de qualidades profissionais (lideran\u00e7a, equil\u00edbrio, harmonia, disciplina e esp\u00edrito de parceria).<\/p>\n<p>O Aikido ensinado pela FEPAI-BRASIL pode ser praticado por pessoas de ambos os sexos, de qualquer idade ou condi\u00e7\u00e3o f\u00edsica. Nossos alunos s\u00e3o instru\u00eddos a respeitar seus pr\u00f3prios limites, a desenvolver sua energia KI (infinitamente superior \u00e0 for\u00e7a muscular) e a buscar respeito m\u00fatuo entre os parceiros de treino.<\/p>\n<p>Presidente e Diretor T\u00e9cnico da FEPAI-BRASIL: Professor Makoto Nishida (7\u00b0 Dan)<\/p>\n\t\t\t<h2>\n\t\t\t\t\to aikido\n\t\t\t\t<\/h2>\n\t\t\t\t<img decoding=\"async\" src=\"https:\/\/www.fepai.org.br\/wp-content\/uploads\/2024\/02\/Design-sem-nome-5.png\" alt=\"Design sem nome (5)\" itemprop=\"image\"\/>\n\t\t\t<h5>\n\t\t\t\t\tAIKIDO\n\t\t\t\t<\/h5>\n\t\t\t<p>No Jap\u00e3o, desde a antiguidade, pensava-se que a for\u00e7a, a beleza e a corre\u00e7\u00e3o eram os elementos necess\u00e1rios para um modo de viver ideal.<br \/> O Aikido expressa estes elementos atrav\u00e9s do movimento do corpo.<\/p>\n\t\t\t<a href=\"https:\/\/www.fepai.org.br\/aikido\/\" target=\"_self\"  role=\"button\">\n\t\t\t\t\t\tSAIBA MAIS\n\t\t<\/a>\n\t\t\t\t<img decoding=\"async\" src=\"https:\/\/www.fepai.org.br\/wp-content\/uploads\/2024\/02\/Design-sem-nome-4.png\" alt=\"Design sem nome (4)\" itemprop=\"image\"\/>\n\t\t\t<h5>\n\t\t\t\t\tHIST\u00d3RIA\n\t\t\t\t<\/h5>\n\t\t\t<p>Em 14 de dezembro de 1883 nasceu em Tanabe, na prov\u00edncia de Kii o filho de Yoroku e Yuki Ueshiba, aquele que viria a ser o grande Mestre, criador da mais perfeita e elevada s\u00edntese das Artes Marciais Japonesas<\/p>\n\t\t\t<a href=\"https:\/\/www.fepai.org.br\/historia\/\" target=\"_self\"  role=\"button\">\n\t\t\t\t\t\tSAIBA MAIS\n\t\t<\/a>\n\t\t\t<h2>\n\t\t\t\t\tT\u00e9cnicas\n\t\t\t\t<\/h2>\n\t\t\t<p>O Aikido, arte marcial japonesa, destaca-se por sua abordagem \u00fanica com movimentos circulares e \u00eanfase na harmonia e neutraliza\u00e7\u00e3o de ataques. No \u00e2mbito do Aikido, categorias cruciais de t\u00e9cnicas incluem &#8220;Tatewaza&#8221; (t\u00e9cnicas de p\u00e9), &#8220;Suwariwaza&#8221; (t\u00e9cnicas sentado), &#8220;Jo&#8221; (t\u00e9cnicas com bast\u00e3o) e &#8220;Boken&#8221; (t\u00e9cnicas com espada de madeira).<\/p>\n\t\t\t<a href=\"https:\/\/www.fepai.org.br\/tecnicas\/\" target=\"_self\"  role=\"button\">\n\t\t\t\t\t\tsaiba mais\n\t\t<\/a>\n\t\t\t<h2>\n\t\t\t\t\tMESTRES DOSHU\n\t\t\t\t<\/h2>\n\t\t\t<p>O &#8220;Doshu&#8221; no Aikido \u00e9 um termo que se refere ao l\u00edder supremo da arte marcial japonesa do Aikido. &#8220;Do&#8221; significa &#8220;caminho&#8221; em japon\u00eas, e &#8220;shu&#8221; \u00e9 uma forma honor\u00edfica de &#8220;sensei&#8221;, que significa &#8220;professor&#8221; ou &#8220;mestre&#8221;. Portanto, &#8220;Doshu&#8221; pode ser traduzido como &#8220;mestre do caminho&#8221;.<\/p>\n\t\t\t<a href=\"https:\/\/www.fepai.org.br\/mestre-doshu\/\" target=\"_self\"  role=\"button\">\n\t\t\t\t\t\tSaiba mais\n\t\t<\/a>\n\t\t\t\t<img decoding=\"async\" src=\"https:\/\/www.fepai.org.br\/wp-content\/uploads\/2024\/02\/mestre_kishomaru-1.jpg\" alt=\"mestre_kishomaru\" itemprop=\"image\"\/>\n\t\t\t<h2>\n\t\t\t\t\tNossas academias filiadas\n\t\t\t\t<\/h2>\n\t\t\t<a href=\"https:\/\/www.fepai.org.br\/academias-filiadas\/\" target=\"_self\"  role=\"button\">\n\t\t\t\t\t\tVeja nossa Lista\n\t\t<\/a>\n\t\t\t<h2>\n\t\t\t\t\tFIQUE POR DENTRO DE NOSSOS EVENTOS!\n\t\t\t\t<\/h2>\n\t\t\t<a href=\"https:\/\/www.fepai.org.br\/eventos\/\" target=\"_self\"  role=\"button\">\n\t\t\t\t\t\tSaiba mais\n\t\t<\/a>\n\n","protected":false},"excerpt":{"rendered":"<p>FEDERA\u00c7\u00c3O PAULISTA DE AIKIDO FEPAI-BRASIL SAIBA MAIS &#8220;AIKI significa a uni\u00e3o entre corpo e esp\u00edrito e \u00e9 a manifesta\u00e7\u00e3o desta [&hellip;]<\/p>\n","protected":false},"author":1,"featured_media":0,"parent":0,"menu_order":0,"comment_status":"closed","ping_status":"closed","template":"","meta":{"site-sidebar-layout":"no-sidebar","site-content-layout":"page-builder","ast-site-content-layout":"full-width-container","site-content-style":"unboxed","site-sidebar-style":"unboxed","ast-global-header-display":"","ast-banner-title-visibility":"","ast-main-header-display":"","ast-hfb-above-header-display":"","ast-hfb-below-header-display":"","ast-hfb-mobile-header-display":"","site-post-title":"disabled","ast-breadcrumbs-content":"","ast-featured-img":"disabled","footer-sml-layout":"","theme-transparent-header-meta":"enabled","adv-header-id-meta":"","stick-header-meta":"default","header-above-stick-meta":"","header-main-stick-meta":"","header-below-stick-meta":"","astra-migrate-meta-layouts":"set","ast-page-background-enabled":"default","ast-page-background-meta":{"desktop":{"background-color":"","background-image":"","background-repeat":"repeat","background-position":"center center","background-size":"auto","background-attachment":"scroll","background-type":"","background-media":"","overlay-type":"","overlay-color":"","overlay-opacity":"","overlay-gradient":""},"tablet":{"background-color":"","background-image":"","background-repeat":"repeat","background-position":"center center","background-size":"auto","background-attachment":"scroll","background-type":"","background-media":"","overlay-type":"","overlay-color":"","overlay-opacity":"","overlay-gradient":""},"mobile":{"background-color":"","background-image":"","background-repeat":"repeat","background-position":"center center","background-size":"auto","background-attachment":"scroll","background-type":"","background-media":"","overlay-type":"","overlay-color":"","overlay-opacity":"","overlay-gradient":""}},"ast-content-background-meta":{"desktop":{"background-color":"var(--ast-global-color-5)","background-image":"","background-repeat":"repeat","background-position":"center center","background-size":"auto","background-attachment":"scroll","background-type":"","background-media":"","overlay-type":"","overlay-color":"","overlay-opacity":"","overlay-gradient":""},"tablet":{"background-color":"var(--ast-global-color-5)","background-image":"","background-repeat":"repeat","background-position":"center center","background-size":"auto","background-attachment":"scroll","background-type":"","background-media":"","overlay-type":"","overlay-color":"","overlay-opacity":"","overlay-gradient":""},"mobile":{"background-color":"var(--ast-global-color-5)","background-image":"","background-repeat":"repeat","background-position":"center center","background-size":"auto","background-attachment":"scroll","background-type":"","background-media":"","overlay-type":"","overlay-color":"","overlay-opacity":"","overlay-gradient":""}},"footnotes":""},"class_list":["post-271","page","type-page","status-publish","hentry"],"_links":{"self":[{"href":"http:\/\/www.fepai.org.br\/wp-json\/wp\/v2\/pages\/271","targetHints":{"allow":["GET"]}}],"collection":[{"href":"http:\/\/www.fepai.org.br\/wp-json\/wp\/v2\/pages"}],"about":[{"href":"http:\/\/www.fepai.org.br\/wp-json\/wp\/v2\/types\/page"}],"author":[{"embeddable":true,"href":"http:\/\/www.fepai.org.br\/wp-json\/wp\/v2\/users\/1"}],"replies":[{"embeddable":true,"href":"http:\/\/www.fepai.org.br\/wp-json\/wp\/v2\/comments?post=271"}],"version-history":[{"count":5,"href":"http:\/\/www.fepai.org.br\/wp-json\/wp\/v2\/pages\/271\/revisions"}],"predecessor-version":[{"id":3071,"href":"http:\/\/www.fepai.org.br\/wp-json\/wp\/v2\/pages\/271\/revisions\/3071"}],"wp:attachment":[{"href":"http:\/\/www.fepai.org.br\/wp-json\/wp\/v2\/media?parent=271"}],"curies":[{"name":"wp","href":"https:\/\/api.w.org\/{rel}","templated":true}]}}